{"id":2,"date":"2016-05-10T03:48:21","date_gmt":"2016-05-10T03:48:21","guid":{"rendered":"https:\/\/tierrainquieta.com\/?page_id=2"},"modified":"2026-01-22T19:50:00","modified_gmt":"2026-01-22T19:50:00","slug":"sample-page","status":"publish","type":"page","link":"https:\/\/tierrainquieta.com\/","title":{"rendered":"Somos Tierra Inquieta."},"content":{"rendered":"\n<p><strong>No sabemos estar quietos (ni falta que hace).<\/strong><\/p>\n\n\n\n<p>Nos movemos y no nos conformamos con lo establecido. No venimos solo a alimentar; hemos venido a demostrar que desde un rinc\u00f3n del mundo rural tambi\u00e9n se puede ser el centro de operaciones de una alimentaci\u00f3n sencilla, rica y honesta. Sin trampa ni cart\u00f3n, sin cosas que no sabes ni pronunciar ni cuentos de tendencias modernas.<\/p>\n\n\n\n<p>Vivimos en lo rural, pero estar rodeados de campo no significa ir despacio ni pasarnos el d\u00eda mirando el monte. Somos innovaci\u00f3n pura y so\u00f1amos global.<\/p>\n\n\n\n<p>Con los pies en la tierra, la cabeza en el futuro y las ganas intactas de comernos el mundo\u2026 procurando que al mundo le siente bien lo que hacemos, sin dejar de ser quienes somos.<\/p>\n\n\n\n<p><\/p>\n","protected":false},"excerpt":{"rendered":"<p>No sabemos estar quietos (ni falta que hace). Nos movemos y no nos conformamos con lo establecido. No venimos solo a alimentar; hemos venido a demostrar que desde un rinc\u00f3n [&hellip;]<\/p>\n","protected":false},"author":1,"featured_media":0,"parent":0,"menu_order":0,"comment_status":"closed","ping_status":"open","template":"","meta":{"footnotes":""},"class_list":["post-2","page","type-page","status-publish","hentry"],"_links":{"self":[{"href":"https:\/\/tierrainquieta.com\/index.php?rest_route=\/wp\/v2\/pages\/2","targetHints":{"allow":["GET"]}}],"collection":[{"href":"https:\/\/tierrainquieta.com\/index.php?rest_route=\/wp\/v2\/pages"}],"about":[{"href":"https:\/\/tierrainquieta.com\/index.php?rest_route=\/wp\/v2\/types\/page"}],"author":[{"embeddable":true,"href":"https:\/\/tierrainquieta.com\/index.php?rest_route=\/wp\/v2\/users\/1"}],"replies":[{"embeddable":true,"href":"https:\/\/tierrainquieta.com\/index.php?rest_route=%2Fwp%2Fv2%2Fcomments&post=2"}],"version-history":[{"count":2,"href":"https:\/\/tierrainquieta.com\/index.php?rest_route=\/wp\/v2\/pages\/2\/revisions"}],"predecessor-version":[{"id":30,"href":"https:\/\/tierrainquieta.com\/index.php?rest_route=\/wp\/v2\/pages\/2\/revisions\/30"}],"wp:attachment":[{"href":"https:\/\/tierrainquieta.com\/index.php?rest_route=%2Fwp%2Fv2%2Fmedia&parent=2"}],"curies":[{"name":"wp","href":"https:\/\/api.w.org\/{rel}","templated":true}]}}